{"id":10,"date":"2026-04-12T01:45:17","date_gmt":"2026-04-11T21:45:17","guid":{"rendered":"http:\/\/bourbon-telecom.re\/?page_id=10"},"modified":"2026-04-12T11:15:32","modified_gmt":"2026-04-12T07:15:32","slug":"contact","status":"publish","type":"page","link":"https:\/\/bourbon-telecom.re\/?page_id=10","title":{"rendered":"Contact"},"content":{"rendered":"<h1 class=\"wp-block-heading has-text-align-center\">Contactez Bourbon Telecom<\/h1>\n<p class=\"has-text-align-center\" style=\"font-size:clamp(0.875rem, 0.875rem + ((1vw - 0.2rem) * 0.51), 1.2rem);\">Notre \u00e9quipe est disponible pour r\u00e9pondre \u00e0 toutes vos questions t\u00e9l\u00e9com.<\/p>\n<hr class=\"wp-block-separator has-alpha-channel-opacity\"\/>\n<div class=\"wp-block-columns is-layout-flex wp-container-core-columns-is-layout-28f84493 wp-block-columns-is-layout-flex\">\n<div class=\"wp-block-column is-layout-flow wp-block-column-is-layout-flow\"><h3 class=\"wp-block-heading\">\ud83d\udcde T\u00e9l\u00e9phone<\/h3><p><a href=\"tel:0262070007\"><strong>0262 07 00 07<\/strong><\/a><br>Du lundi au vendredi, 8h-18h<\/p><\/div>\n<div class=\"wp-block-column is-layout-flow wp-block-column-is-layout-flow\"><h3 class=\"wp-block-heading\">\ud83d\udce7 Email<\/h3><p><a href=\"mailto:contact@bourbon-telecom.re\">contact@bourbon-telecom.re<\/a><br>R\u00e9ponse sous 24h<\/p><\/div>\n<div class=\"wp-block-column is-layout-flow wp-block-column-is-layout-flow\"><h3 class=\"wp-block-heading\">\ud83d\udccd Zone d&rsquo;intervention<\/h3><p>La R\u00e9union (974)<br>Toute l&rsquo;\u00eele couverte<\/p><\/div>\n<\/div>\n<hr class=\"wp-block-separator has-alpha-channel-opacity\"\/>\n<h2 class=\"wp-block-heading has-text-align-center\">Offre T\u00e9l\u00e9phone Fixe Pro<\/h2>\n<p class=\"has-text-align-center\"><strong>14,90\u20ac\/mois<\/strong> ou <strong>99\u20ac\/an<\/strong> \u2014 Num\u00e9ro fixe 0262 avec transfert d&rsquo;appels<\/p>\n<p class=\"has-text-align-center\">Appelez-nous au <a href=\"tel:0262070007\"><strong>0262 07 00 07<\/strong><\/a> pour souscrire.<\/p>","protected":false},"excerpt":{"rendered":"<p>Contactez Bourbon Telecom Notre \u00e9quipe est disponible pour r\u00e9pondre \u00e0 toutes vos questions t\u00e9l\u00e9com. \ud83d\udcde T\u00e9l\u00e9phone 0262 07 00 07Du lundi au vendredi, 8h-18h \ud83d\udce7 Email contact@bourbon-telecom.reR\u00e9ponse sous 24h \ud83d\udccd Zone d&rsquo;intervention La R\u00e9union (974)Toute l&rsquo;\u00eele couverte Offre T\u00e9l\u00e9phone Fixe Pro 14,90\u20ac\/mois ou 99\u20ac\/an \u2014 Num\u00e9ro fixe 0262 avec transfert d&rsquo;appels Appelez-nous au 0262 07 [&hellip;]<\/p>\n","protected":false},"author":1,"featured_media":0,"parent":0,"menu_order":0,"comment_status":"closed","ping_status":"closed","template":"","meta":{"footnotes":""},"class_list":["post-10","page","type-page","status-publish","hentry"],"_links":{"self":[{"href":"https:\/\/bourbon-telecom.re\/index.php?rest_route=\/wp\/v2\/pages\/10","targetHints":{"allow":["GET"]}}],"collection":[{"href":"https:\/\/bourbon-telecom.re\/index.php?rest_route=\/wp\/v2\/pages"}],"about":[{"href":"https:\/\/bourbon-telecom.re\/index.php?rest_route=\/wp\/v2\/types\/page"}],"author":[{"embeddable":true,"href":"https:\/\/bourbon-telecom.re\/index.php?rest_route=\/wp\/v2\/users\/1"}],"replies":[{"embeddable":true,"href":"https:\/\/bourbon-telecom.re\/index.php?rest_route=%2Fwp%2Fv2%2Fcomments&post=10"}],"version-history":[{"count":2,"href":"https:\/\/bourbon-telecom.re\/index.php?rest_route=\/wp\/v2\/pages\/10\/revisions"}],"predecessor-version":[{"id":35,"href":"https:\/\/bourbon-telecom.re\/index.php?rest_route=\/wp\/v2\/pages\/10\/revisions\/35"}],"wp:attachment":[{"href":"https:\/\/bourbon-telecom.re\/index.php?rest_route=%2Fwp%2Fv2%2Fmedia&parent=10"}],"curies":[{"name":"wp","href":"https:\/\/api.w.org\/{rel}","templated":true}]}}